{"id":309,"date":"2024-09-18T09:24:24","date_gmt":"2024-09-18T07:24:24","guid":{"rendered":"http:\/\/strasznydwor.pl\/fajans\/"},"modified":"2024-11-29T10:07:41","modified_gmt":"2024-11-29T09:07:41","slug":"faience","status":"publish","type":"page","link":"https:\/\/strasznydwor.pl\/en\/faience\/","title":{"rendered":"Faience"},"content":{"rendered":"<p><em>Haunted Manor and the entire Chodzie\u017c enjoyed their golden years during the interwar period.<\/em><\/p>\n<p>Manczak brothers, Stanis\u0142aw, the owner of the faience factory, and Sylwester, the artist in charge, set the tone. The brothers employed half the town and created a brand of kaolin tableware recognisable in Europe thanks to its original design.<\/p>\n<p>The residence on Lake Strzelecki was at the heart of these developments activities. When doctors discovered that the microclimate in Chodzie\u017c was good for the respiratory system, Gebhard Br\u00fchl built a luxury guesthouse in 1904. He built a palace in the then fashionable Tyrolean style with references to German Romanticism. The manor house was bought in 1921 by Stanis\u0142aw Ma\u0144czak, converted into a representative villa and named after his favourite opera by Stanis\u0142aw Moniuszko.<\/p>\n<p>The bowling alley built next door was the heart of interwar Chodzie\u017c. The largest hall was used for concerts, performances, town festivities, meetings of fraternities and societies, it was here that the Chodzie\u017c elite met. We want to restore the Haunted Manorto its former glory and make it a vibrant meeting place once again.\u2028Chodzie\u017c faience was the adornment of every home. This is thanks to Sylwester Manczak, who introduced new designs to the crockery produced here. Chodzie\u017c faience featured floral and geometric patterns, landscapes and folklore painted in the art d\u00e9co style. The Chodzie\u017c factory became the largest faience producer in Poland, exporting more than half of its production to the Netherlands, the European birthplace of faience, as well as to Belgium and Scandinavia.<\/p>\n<p>The Manczak family changed the town. The success of their ceramics increased production, gave jobs to hundreds more locals and convinced the public of the \u2018unparalleled quality of the local products\u2019.<\/p>\n","protected":false},"excerpt":{"rendered":"<p>Haunted Manor and the entire Chodzie\u017c enjoyed their golden years during the interwar period. Manczak brothers, Stanis\u0142aw, the owner of&#8230;<\/p>\n","protected":false},"author":1,"featured_media":121,"parent":0,"menu_order":0,"comment_status":"closed","ping_status":"closed","template":"","meta":{"_acf_changed":false,"footnotes":""},"class_list":["post-309","page","type-page","status-publish","has-post-thumbnail","hentry"],"acf":[],"_links":{"self":[{"href":"https:\/\/strasznydwor.pl\/en\/wp-json\/wp\/v2\/pages\/309","targetHints":{"allow":["GET"]}}],"collection":[{"href":"https:\/\/strasznydwor.pl\/en\/wp-json\/wp\/v2\/pages"}],"about":[{"href":"https:\/\/strasznydwor.pl\/en\/wp-json\/wp\/v2\/types\/page"}],"author":[{"embeddable":true,"href":"https:\/\/strasznydwor.pl\/en\/wp-json\/wp\/v2\/users\/1"}],"replies":[{"embeddable":true,"href":"https:\/\/strasznydwor.pl\/en\/wp-json\/wp\/v2\/comments?post=309"}],"version-history":[{"count":0,"href":"https:\/\/strasznydwor.pl\/en\/wp-json\/wp\/v2\/pages\/309\/revisions"}],"wp:featuredmedia":[{"embeddable":true,"href":"https:\/\/strasznydwor.pl\/en\/wp-json\/wp\/v2\/media\/121"}],"wp:attachment":[{"href":"https:\/\/strasznydwor.pl\/en\/wp-json\/wp\/v2\/media?parent=309"}],"curies":[{"name":"wp","href":"https:\/\/api.w.org\/{rel}","templated":true}]}}