{"id":307,"date":"2024-09-18T09:24:02","date_gmt":"2024-09-18T07:24:02","guid":{"rendered":"http:\/\/strasznydwor.pl\/pokoje\/"},"modified":"2024-11-29T10:07:09","modified_gmt":"2024-11-29T09:07:09","slug":"rooms","status":"publish","type":"page","link":"https:\/\/strasznydwor.pl\/en\/rooms\/","title":{"rendered":"Rooms"},"content":{"rendered":"<p><em>Spend a night in the inter-war residence of Stanis\u0142aw Ma\u0144czak, the man behind the golden years of <a href=\"http:\/\/strasznydwor.pl\/en\/faience\/\">Chodzie\u017c faience factory<\/a>. <\/em><\/p>\n<p>We are restoring the historic manor house to its splendour, when it was the centre of the town&#8217;s social life. We are removing layers of paint applied by successive owners, first in the restaurant, now in the rooms. We are doing our best to make the renovation invisible and inaudible for the guests.<\/p>\n<p>Book via <a href=\"https:\/\/www.booking.com\/hotel\/pl\/straszny-dwa3r-chodziea1-4.pl.html\" target=\"_blank\" rel=\"noopener\">Booking.com<\/a> or in directly: <a href=\"tel:0672827040\">067 282 70 40<\/a><\/p>\n","protected":false},"excerpt":{"rendered":"<p>Spend a night in the inter-war residence of Stanis\u0142aw Ma\u0144czak, the man behind the golden years of Chodzie\u017c faience factory&#8230;.<\/p>\n","protected":false},"author":1,"featured_media":0,"parent":0,"menu_order":0,"comment_status":"closed","ping_status":"closed","template":"","meta":{"_acf_changed":false,"footnotes":""},"class_list":["post-307","page","type-page","status-publish","hentry"],"acf":[],"_links":{"self":[{"href":"https:\/\/strasznydwor.pl\/en\/wp-json\/wp\/v2\/pages\/307","targetHints":{"allow":["GET"]}}],"collection":[{"href":"https:\/\/strasznydwor.pl\/en\/wp-json\/wp\/v2\/pages"}],"about":[{"href":"https:\/\/strasznydwor.pl\/en\/wp-json\/wp\/v2\/types\/page"}],"author":[{"embeddable":true,"href":"https:\/\/strasznydwor.pl\/en\/wp-json\/wp\/v2\/users\/1"}],"replies":[{"embeddable":true,"href":"https:\/\/strasznydwor.pl\/en\/wp-json\/wp\/v2\/comments?post=307"}],"version-history":[{"count":0,"href":"https:\/\/strasznydwor.pl\/en\/wp-json\/wp\/v2\/pages\/307\/revisions"}],"wp:attachment":[{"href":"https:\/\/strasznydwor.pl\/en\/wp-json\/wp\/v2\/media?parent=307"}],"curies":[{"name":"wp","href":"https:\/\/api.w.org\/{rel}","templated":true}]}}