{"id":395,"date":"2024-09-18T09:24:11","date_gmt":"2024-09-18T07:24:11","guid":{"rendered":"http:\/\/strasznydwor.pl\/park\/"},"modified":"2024-11-29T10:17:12","modified_gmt":"2024-11-29T09:17:12","slug":"parkanlage","status":"publish","type":"page","link":"https:\/\/strasznydwor.pl\/de\/parkanlage\/","title":{"rendered":"Parkanlage"},"content":{"rendered":"<p><em>G\u00f6nnen Sie sich Entspannung in dem historischen Park auf dem H\u00fcgel am See.<\/em><\/p>\n<p>Genie\u00dfen Sie das beruhigende Rauschen der Bl\u00e4tter und den Gesang der V\u00f6gel in unserem wundersch\u00f6nen 1,5 ha gro\u00dfen Baumbestand. B\u00e4ume und Str\u00e4ucher wurden 1904, also vor mehr als einem Jahrhundert, Kurg\u00e4sten zuliebe gepflanzt. Lassen Sie die Seele baumeln \u2013 auf einer Sonnenliege, beim Yoga, am Feuer, bei einer Wanderung durch den Wald oder bei der Beobachtung der Wildtiere direkt von Ihrem Zimmerfenster aus. Buchen Sie ein Treffen mit Freunden, Workshops, Grill, Konferenz oder eine Party im Freien auf dem sch\u00f6nen ehemaligen Landgut des gro\u00dfz\u00fcgigen Unternehmers und Eigent\u00fcmers der <a href=\"http:\/\/strasznydwor.pl\/de\/fayence\/\">hiesigen ber\u00fchmten Fayencemanufaktur<\/a>.<\/p>\n","protected":false},"excerpt":{"rendered":"<p>G\u00f6nnen Sie sich Entspannung in dem historischen Park auf dem H\u00fcgel am See. Genie\u00dfen Sie das beruhigende Rauschen der Bl\u00e4tter&#8230;<\/p>\n","protected":false},"author":1,"featured_media":0,"parent":0,"menu_order":0,"comment_status":"closed","ping_status":"closed","template":"","meta":{"_acf_changed":false,"footnotes":""},"class_list":["post-395","page","type-page","status-publish","hentry"],"acf":[],"_links":{"self":[{"href":"https:\/\/strasznydwor.pl\/de\/wp-json\/wp\/v2\/pages\/395","targetHints":{"allow":["GET"]}}],"collection":[{"href":"https:\/\/strasznydwor.pl\/de\/wp-json\/wp\/v2\/pages"}],"about":[{"href":"https:\/\/strasznydwor.pl\/de\/wp-json\/wp\/v2\/types\/page"}],"author":[{"embeddable":true,"href":"https:\/\/strasznydwor.pl\/de\/wp-json\/wp\/v2\/users\/1"}],"replies":[{"embeddable":true,"href":"https:\/\/strasznydwor.pl\/de\/wp-json\/wp\/v2\/comments?post=395"}],"version-history":[{"count":0,"href":"https:\/\/strasznydwor.pl\/de\/wp-json\/wp\/v2\/pages\/395\/revisions"}],"wp:attachment":[{"href":"https:\/\/strasznydwor.pl\/de\/wp-json\/wp\/v2\/media?parent=395"}],"curies":[{"name":"wp","href":"https:\/\/api.w.org\/{rel}","templated":true}]}}