{"id":393,"date":"2024-09-18T09:24:18","date_gmt":"2024-09-18T07:24:18","guid":{"rendered":"http:\/\/strasznydwor.pl\/imprezy\/"},"modified":"2024-11-29T10:16:28","modified_gmt":"2024-11-29T09:16:28","slug":"events","status":"publish","type":"page","link":"https:\/\/strasznydwor.pl\/de\/events\/","title":{"rendered":"Events"},"content":{"rendered":"<p><em>Wir w\u00fcrden uns freuen, Sie und eine Gruppe von bis zu 100 G\u00e4ste begr\u00fc\u00dfen zu d\u00fcrfen.<\/em><\/p>\n<p>Buchen Sie jetzt eine Gruppenunterkunft. Unsere R\u00e4umlichkeiten, darunter zwei Restaurants, eine ehemalige Kegelbahn mit Ballsaal\/Konferenzraum sowie unsere sch\u00f6nen Terrassen und Gr\u00fcnanlagen in der <a href=\"http:\/\/strasznydwor.pl\/de\/parkanlage\/\">historischen Parkanlage<\/a> bieten eine einzigartige Kulisse f\u00fcr Tanzpartys, fr\u00f6hliche und traurige, intime und mehrk\u00f6pfige, faule und kreative oder unbeschwerte Feiern. <a href=\"mailto:mailto:hotel@strasznydwor.pl\">Buchen Sie einfach unvergessliche Erinnerungen<\/a>!<\/p>\n","protected":false},"excerpt":{"rendered":"<p>Wir w\u00fcrden uns freuen, Sie und eine Gruppe von bis zu 100 G\u00e4ste begr\u00fc\u00dfen zu d\u00fcrfen. Buchen Sie jetzt eine&#8230;<\/p>\n","protected":false},"author":1,"featured_media":0,"parent":0,"menu_order":0,"comment_status":"closed","ping_status":"closed","template":"","meta":{"_acf_changed":false,"footnotes":""},"class_list":["post-393","page","type-page","status-publish","hentry"],"acf":[],"_links":{"self":[{"href":"https:\/\/strasznydwor.pl\/de\/wp-json\/wp\/v2\/pages\/393","targetHints":{"allow":["GET"]}}],"collection":[{"href":"https:\/\/strasznydwor.pl\/de\/wp-json\/wp\/v2\/pages"}],"about":[{"href":"https:\/\/strasznydwor.pl\/de\/wp-json\/wp\/v2\/types\/page"}],"author":[{"embeddable":true,"href":"https:\/\/strasznydwor.pl\/de\/wp-json\/wp\/v2\/users\/1"}],"replies":[{"embeddable":true,"href":"https:\/\/strasznydwor.pl\/de\/wp-json\/wp\/v2\/comments?post=393"}],"version-history":[{"count":0,"href":"https:\/\/strasznydwor.pl\/de\/wp-json\/wp\/v2\/pages\/393\/revisions"}],"wp:attachment":[{"href":"https:\/\/strasznydwor.pl\/de\/wp-json\/wp\/v2\/media?parent=393"}],"curies":[{"name":"wp","href":"https:\/\/api.w.org\/{rel}","templated":true}]}}