{"id":360,"date":"2024-09-18T09:24:02","date_gmt":"2024-09-18T07:24:02","guid":{"rendered":"http:\/\/strasznydwor.pl\/rooms\/"},"modified":"2024-11-29T10:18:57","modified_gmt":"2024-11-29T09:18:57","slug":"zimmer","status":"publish","type":"page","link":"https:\/\/strasznydwor.pl\/de\/zimmer\/","title":{"rendered":"Zimmer"},"content":{"rendered":"<p><em>Verbringen Sie eine Nacht in der Residenz aus der Zwischenkriegszeit von Stanis\u0142aw Ma\u0144czak, dem Sch\u00f6pfer der goldenen Jahre der <a href=\"http:\/\/strasznydwor.pl\/de\/fayence\/\">Fayencemanufaktur<\/a> in Chodzie\u017c.<\/em><\/p>\n<p>Wir renovieren bereits das historische Herrenhaus, das einst das Zentrum des gesellschaftlichen Lebens der Stadt war, um dieses wieder in voller Pracht erstrahlen zu lassen. Wir entfernen von allen Oberfl\u00e4chen die von den vorherigen Eigent\u00fcmern aufgetragenen Schichten, zun\u00e4chst im Restaurant, jetzt in den Zimmern. Selbstverst\u00e4ndlich tun wir unser Bestes, um die Renovierung f\u00fcr Sie unsichtbar und unh\u00f6rbar zu machen.<\/p>\n<p>Sie k\u00f6nnen gerne \u00fcber <a href=\"https:\/\/www.booking.com\/hotel\/pl\/straszny-dwa3r-chodziea1-4.pl.html\" target=\"_blank\" rel=\"noopener\">Booking.com<\/a> oder pers\u00f6nlich unter der Telefonnummer <a href=\"tel:0672827040\">067 282 70 40<\/a> bei uns buchen.<\/p>\n","protected":false},"excerpt":{"rendered":"<p>Verbringen Sie eine Nacht in der Residenz aus der Zwischenkriegszeit von Stanis\u0142aw Ma\u0144czak, dem Sch\u00f6pfer der goldenen Jahre der Fayencemanufaktur&#8230;<\/p>\n","protected":false},"author":1,"featured_media":0,"parent":0,"menu_order":0,"comment_status":"closed","ping_status":"closed","template":"","meta":{"_acf_changed":false,"footnotes":""},"class_list":["post-360","page","type-page","status-publish","hentry"],"acf":[],"_links":{"self":[{"href":"https:\/\/strasznydwor.pl\/de\/wp-json\/wp\/v2\/pages\/360","targetHints":{"allow":["GET"]}}],"collection":[{"href":"https:\/\/strasznydwor.pl\/de\/wp-json\/wp\/v2\/pages"}],"about":[{"href":"https:\/\/strasznydwor.pl\/de\/wp-json\/wp\/v2\/types\/page"}],"author":[{"embeddable":true,"href":"https:\/\/strasznydwor.pl\/de\/wp-json\/wp\/v2\/users\/1"}],"replies":[{"embeddable":true,"href":"https:\/\/strasznydwor.pl\/de\/wp-json\/wp\/v2\/comments?post=360"}],"version-history":[{"count":0,"href":"https:\/\/strasznydwor.pl\/de\/wp-json\/wp\/v2\/pages\/360\/revisions"}],"wp:attachment":[{"href":"https:\/\/strasznydwor.pl\/de\/wp-json\/wp\/v2\/media?parent=360"}],"curies":[{"name":"wp","href":"https:\/\/api.w.org\/{rel}","templated":true}]}}