{"id":333,"date":"2024-09-18T09:23:57","date_gmt":"2024-09-18T07:23:57","guid":{"rendered":"http:\/\/strasznydwor.pl\/restauracja\/"},"modified":"2024-12-02T09:58:12","modified_gmt":"2024-12-02T08:58:12","slug":"restauracja","status":"publish","type":"page","link":"https:\/\/strasznydwor.pl\/de\/","title":{"rendered":"Restaurant"},"content":{"rendered":"<p><em>Genie\u00dfen Sie k\u00f6stliche K\u00fcche und \u00fcbernachten Sie in einem historischen Herrenhaus am See, mit Blick auf die vom Geist der Zwischenkriegszeit und von der \u00c4sthetik der Fayencen aus Chodzie\u017c gepr\u00e4gte Parkanlage.<\/em><\/p>\n<p>In unseren Restaurantr\u00e4umen und auf den Terrassen verw\u00f6hnen wir Sie gerne mit leckeren, kreativ und sorgf\u00e4ltig zubereiteten Gerichten aus frischen lokalen Produkten. W\u00e4hlen Sie nach Herzenslust aus unserer <a href=\"http:\/\/strasznydwor.pl\/de\/menu\/\">Speisekarte<\/a>. Wir freuen uns, Sie bei uns begr\u00fc\u00dfen und Ihnen unsere Spezialit\u00e4ten servieren zu d\u00fcrfen. Gerne k\u00f6nnen Sie mit uns Ihren Wunschtermin f\u00fcr <a href=\"http:\/\/strasznydwor.pl\/de\/events\/\">ein Treffen<\/a> vereinbaren.<\/p>\n","protected":false},"excerpt":{"rendered":"<p>Genie\u00dfen Sie k\u00f6stliche K\u00fcche und \u00fcbernachten Sie in einem historischen Herrenhaus am See, mit Blick auf die vom Geist der&#8230;<\/p>\n","protected":false},"author":1,"featured_media":0,"parent":0,"menu_order":0,"comment_status":"closed","ping_status":"closed","template":"","meta":{"_acf_changed":false,"footnotes":""},"class_list":["post-333","page","type-page","status-publish","hentry"],"acf":[],"_links":{"self":[{"href":"https:\/\/strasznydwor.pl\/de\/wp-json\/wp\/v2\/pages\/333","targetHints":{"allow":["GET"]}}],"collection":[{"href":"https:\/\/strasznydwor.pl\/de\/wp-json\/wp\/v2\/pages"}],"about":[{"href":"https:\/\/strasznydwor.pl\/de\/wp-json\/wp\/v2\/types\/page"}],"author":[{"embeddable":true,"href":"https:\/\/strasznydwor.pl\/de\/wp-json\/wp\/v2\/users\/1"}],"replies":[{"embeddable":true,"href":"https:\/\/strasznydwor.pl\/de\/wp-json\/wp\/v2\/comments?post=333"}],"version-history":[{"count":3,"href":"https:\/\/strasznydwor.pl\/de\/wp-json\/wp\/v2\/pages\/333\/revisions"}],"predecessor-version":[{"id":458,"href":"https:\/\/strasznydwor.pl\/de\/wp-json\/wp\/v2\/pages\/333\/revisions\/458"}],"wp:attachment":[{"href":"https:\/\/strasznydwor.pl\/de\/wp-json\/wp\/v2\/media?parent=333"}],"curies":[{"name":"wp","href":"https:\/\/api.w.org\/{rel}","templated":true}]}}